{"id":1395,"date":"2025-02-11T04:35:20","date_gmt":"2025-02-11T04:35:20","guid":{"rendered":"https:\/\/armtbike.com\/?page_id=1395"},"modified":"2025-02-11T04:45:13","modified_gmt":"2025-02-11T04:45:13","slug":"terminos-y-condiciones-politicas-de-privacidad","status":"publish","type":"page","link":"https:\/\/armtbike.com\/es\/terminos-y-condiciones-politicas-de-privacidad\/","title":{"rendered":"T\u00e9rminos y condiciones \/ Pol\u00edticas de privacidad"},"content":{"rendered":"<div data-elementor-type=\"wp-page\" data-elementor-id=\"1395\" class=\"elementor elementor-1395\">\n\t\t\t\t<div class=\"has_eae_slider elementor-element elementor-element-e4b10c0 e-flex e-con-boxed e-con e-parent\" data-eae-slider=\"48038\" data-id=\"e4b10c0\" data-element_type=\"container\">\n\t\t\t\t\t<div class=\"e-con-inner\">\n\t\t\t\t<div class=\"elementor-element elementor-element-23b5de3 elementor-widget elementor-widget-heading\" data-id=\"23b5de3\" data-element_type=\"widget\" data-widget_type=\"heading.default\">\n\t\t\t\t<div class=\"elementor-widget-container\">\n\t\t\t\t\t<h2 class=\"elementor-heading-title elementor-size-default\">T\u00e9rminos y condiciones \/ Pol\u00edticas de privacidad<\/h2>\t\t\t\t<\/div>\n\t\t\t\t<\/div>\n\t\t\t\t\t<\/div>\n\t\t\t\t<\/div>\n\t\t<div class=\"has_eae_slider elementor-element elementor-element-bc25186 e-flex e-con-boxed e-con e-parent\" data-eae-slider=\"62049\" data-id=\"bc25186\" data-element_type=\"container\">\n\t\t\t\t\t<div class=\"e-con-inner\">\n\t\t\t\t<div class=\"elementor-element elementor-element-7c3edc2 elementor-widget elementor-widget-text-editor\" data-id=\"7c3edc2\" data-element_type=\"widget\" data-widget_type=\"text-editor.default\">\n\t\t\t\t<div class=\"elementor-widget-container\">\n\t\t\t\t\t\t\t\t\t<p>**1. Introducci\u00f3n**<br \/>Bienvenido a ArmtBike (&#8220;nosotros&#8221;, &#8220;nuestro&#8221;, &#8220;sitio web&#8221;). Al acceder y utilizar este sitio web, aceptas cumplir con estos T\u00e9rminos y Condiciones y nuestra Pol\u00edtica de Privacidad. Si no est\u00e1s de acuerdo con estos t\u00e9rminos, te recomendamos que no utilices nuestros servicios.<\/p><p>**2. Informaci\u00f3n Recolectada**<br \/>Para proporcionar nuestros servicios, podr\u00e1n solicitarse los siguientes datos personales:<br \/>&#8211; Nombre completo<br \/>&#8211; Direcci\u00f3n<br \/>&#8211; Fecha de nacimiento<br \/>&#8211; Ciudadan\u00eda<br \/>&#8211; Correo electr\u00f3nico<br \/>&#8211; N\u00famero de tel\u00e9fono<\/p><p>**3. Uso de la Informaci\u00f3n**<br \/>La informaci\u00f3n recopilada se utilizar\u00e1 para los siguientes fines:<br \/>&#8211; Proporcionar acceso a nuestros servicios y contenido.<br \/>&#8211; Personalizar la experiencia del usuario.<br \/>&#8211; Contactar a los usuarios con informaci\u00f3n relevante.<br \/>&#8211; Cumplir con requerimientos legales y normativos.<\/p><p>**4. Protecci\u00f3n de la Informaci\u00f3n**<br \/>Implementamos medidas de seguridad para proteger la informaci\u00f3n personal de accesos no autorizados, alteraciones o divulgaci\u00f3n indebida. Sin embargo, no podemos garantizar una seguridad absoluta debido a la naturaleza de internet.<\/p><p>**5. Compartir Informaci\u00f3n con Terceros**<br \/>No compartimos, vendemos ni alquilamos la informaci\u00f3n personal de los usuarios a terceros sin su consentimiento, salvo en los siguientes casos:<br \/>&#8211; Cumplimiento de una obligaci\u00f3n legal.<br \/>&#8211; Ejecuci\u00f3n de acuerdos contractuales con proveedores de servicios.<br \/>&#8211; Protecci\u00f3n de los derechos y seguridad de nuestra empresa y usuarios.<\/p><p>**6. Derechos del Usuario**<br \/>El usuario tiene derecho a acceder, modificar y eliminar su informaci\u00f3n personal en cualquier momento. Para ejercer estos derechos, puede contactarnos a contact@armtbike.com.<\/p><p>**7. Modificaciones a los T\u00e9rminos y Condiciones**<br \/>Nos reservamos el derecho de modificar estos t\u00e9rminos en cualquier momento. Cualquier cambio ser\u00e1 publicado en esta p\u00e1gina y entrar\u00e1 en vigencia inmediatamente.<\/p><p>**8. Contacto**<br \/>Para cualquier consulta sobre estos t\u00e9rminos y condiciones, puedes contactarnos en contact@armtbike.com.<\/p><p>Fecha de \u00faltima actualizaci\u00f3n: 10 de febrero del 2025<\/p>\t\t\t\t\t\t\t\t<\/div>\n\t\t\t\t<\/div>\n\t\t\t\t\t<\/div>\n\t\t\t\t<\/div>\n\t\t\t\t<\/div>","protected":false},"excerpt":{"rendered":"<p>T\u00e9rminos y condiciones \/ Pol\u00edticas de privacidad **1. Introducci\u00f3n**Bienvenido a ArmtBike (&#8220;nosotros&#8221;, &#8220;nuestro&#8221;, &#8220;sitio web&#8221;). Al acceder y utilizar este sitio web, aceptas cumplir con estos T\u00e9rminos y Condiciones y nuestra Pol\u00edtica de Privacidad. Si no est\u00e1s de acuerdo con estos t\u00e9rminos, te recomendamos que no utilices nuestros servicios. **2. Informaci\u00f3n Recolectada**Para proporcionar nuestros servicios, [&hellip;]<\/p>","protected":false},"author":1,"featured_media":0,"parent":0,"menu_order":0,"comment_status":"closed","ping_status":"closed","template":"","meta":{"footnotes":""},"class_list":["post-1395","page","type-page","status-publish","hentry"],"_links":{"self":[{"href":"https:\/\/armtbike.com\/es\/wp-json\/wp\/v2\/pages\/1395","targetHints":{"allow":["GET"]}}],"collection":[{"href":"https:\/\/armtbike.com\/es\/wp-json\/wp\/v2\/pages"}],"about":[{"href":"https:\/\/armtbike.com\/es\/wp-json\/wp\/v2\/types\/page"}],"author":[{"embeddable":true,"href":"https:\/\/armtbike.com\/es\/wp-json\/wp\/v2\/users\/1"}],"replies":[{"embeddable":true,"href":"https:\/\/armtbike.com\/es\/wp-json\/wp\/v2\/comments?post=1395"}],"version-history":[{"count":10,"href":"https:\/\/armtbike.com\/es\/wp-json\/wp\/v2\/pages\/1395\/revisions"}],"predecessor-version":[{"id":1409,"href":"https:\/\/armtbike.com\/es\/wp-json\/wp\/v2\/pages\/1395\/revisions\/1409"}],"wp:attachment":[{"href":"https:\/\/armtbike.com\/es\/wp-json\/wp\/v2\/media?parent=1395"}],"curies":[{"name":"wp","href":"https:\/\/api.w.org\/{rel}","templated":true}]}}